{"id":2,"date":"2024-01-29T01:39:37","date_gmt":"2024-01-29T01:39:37","guid":{"rendered":"http:\/\/code.webrt.net\/demo-woocommerce\/?page_id=2"},"modified":"2024-07-12T04:44:27","modified_gmt":"2024-07-12T04:44:27","slug":"trang-chu","status":"publish","type":"page","link":"https:\/\/banhtrungthu1.themedep.top\/","title":{"rendered":"Trang ch\u1ee7"},"content":{"rendered":"\t<section class=\"section sec_home\" id=\"section_728974576\">\n\t\t<div class=\"bg section-bg fill bg-fill  \" >\n\n\t\t\t\n\t\t\t\n\t\t\t\n\n\t\t<\/div>\n\n\t\t\n\n\t\t<div class=\"section-content relative\">\n\t\t\t\n\t<div id=\"gap-1696469978\" class=\"gap-element clearfix\" style=\"display:block; height:auto;\">\n\t\t\n<style>\n#gap-1696469978 {\n  padding-top: 100px;\n}\n@media (min-width:550px) {\n  #gap-1696469978 {\n    padding-top: 175px;\n  }\n}\n<\/style>\n\t<\/div>\n\t\n<div class=\"row row-collapse sec_01\"  id=\"row-1803395608\">\n\n\t<div id=\"col-995153186\" class=\"col medium-1 small-12 large-1\"  >\n\t\t\t\t<div class=\"col-inner\"  >\n\t\t\t\n\t\t\t\n\t\t<\/div>\n\t\t\t\t\t<\/div>\n\n\t\n\n\t<div id=\"col-1245381268\" class=\"col medium-7 small-12 large-5\"  >\n\t\t\t\t<div class=\"col-inner text-center\"  >\n\t\t\t\n\t\t\t\n<div class=\"block__element_head\">\n    <h3><span>D\u00f2ng b\u00e1nh<\/span><\/h3>\n        <h2>H\u00e0ng B\u00e0i<\/h2>\n    <\/div>\n\n\t<div id=\"text-3715774143\" class=\"text\">\n\t\t\n<p>K\u00edch th\u01b0\u1edbc nh\u1ecf h\u01a1n nh\u01b0ng \u0111\u1ed9 k\u1ef3 c\u00f4ng kh\u00f4ng \u0111\u1ed5i, m\u1ed7i chi\u1ebfc b\u00e1nh Trung Thu Kinh \u0110\u00f4 n\u01b0\u1edbng 150g, b\u00e1nh d\u1ebbo 180g l\u00e0 b\u1ea3n giao h\u01b0\u1edfng h\u00f2a \u0111i\u1ec7u gi\u1eefa c\u00e1c th\u00e0nh ph\u1ea7n nguy\u00ean li\u1ec7u. C\u1eaft b\u00e1nh, qu\u00e2y qu\u1ea7n, c\u00f9ng th\u01b0\u1edfng th\u1ee9c v\u1ecb thu m\u01a1n man, ti\u1ebft thu thanh m\u00e1t.<br \/>\n\t\t\n<style>\n#text-3715774143 {\n  text-align: center;\n  color: rgb(255, 255, 255);\n}\n#text-3715774143 > * {\n  color: rgb(255, 255, 255);\n}\n<\/style>\n\t<\/div>\n\t\n<a href=\"https:\/\/luan.webrt.net\/madamehuong\/?page_id=19\" class=\"button primary\"  >\n    <span>Li\u00ean h\u1ec7 ngay<\/span>\n  <\/a>\n\n\t\t<\/div>\n\t\t\t\t\n<style>\n#col-1245381268 > .col-inner {\n  padding: 0px 10px 0px 10px;\n}\n@media (min-width:550px) {\n  #col-1245381268 > .col-inner {\n    padding: 0px 0px 0px 0px;\n  }\n}\n<\/style>\n\t<\/div>\n\n\t\n\n\t<div id=\"col-1272034398\" class=\"col medium-2 small-12 large-6\"  >\n\t\t\t\t<div class=\"col-inner\"  >\n\t\t\t\n\t\t\t\n\t\t<\/div>\n\t\t\t\t\t<\/div>\n\n\t\n<\/div>\n\t<div id=\"gap-410870320\" class=\"gap-element clearfix\" style=\"display:block; height:auto;\">\n\t\t\n<style>\n#gap-410870320 {\n  padding-top: 150px;\n}\n@media (min-width:550px) {\n  #gap-410870320 {\n    padding-top: 263px;\n  }\n}\n@media (min-width:850px) {\n  #gap-410870320 {\n    padding-top: 363px;\n  }\n}\n<\/style>\n\t<\/div>\n\t\n<div class=\"row row-collapse align-center sec_02\"  id=\"row-1843450556\">\n\n\t<div id=\"col-995370023\" class=\"col medium-9 small-12 large-6\"  >\n\t\t\t\t<div class=\"col-inner\"  >\n\t\t\t\n\t\t\t\n\n\t\t<div class=\"icon-box featured-box icon-box-right text-right\"  >\n\t\t\t\t\t<div class=\"icon-box-img\" style=\"width: 112px\">\n\t\t\t\t<div class=\"icon\">\n\t\t\t\t\t<div class=\"icon-inner\" >\n\t\t\t\t\t\t<img loading=\"lazy\" decoding=\"async\" width=\"112\" height=\"204\" src=\"https:\/\/banhtrungthu1.themedep.top\/wp-content\/uploads\/2024\/07\/Group-631919.png\" class=\"attachment-medium size-medium\" alt=\"\" \/>\t\t\t\t\t<\/div>\n\t\t\t\t<\/div>\n\t\t\t<\/div>\n\t\t\t\t<div class=\"icon-box-text last-reset\">\n\t\t\t\t\t\t\t\t\t\n\t<div id=\"text-4163570135\" class=\"text\">\n\t\t\n<p>Tinh hoa \u0111\u00e2u ch\u1ec9 l\u00e0 nguy\u00ean li\u1ec7u th\u01b0\u1ee3ng h\u1ea1ng, m\u00e0 c\u00f2n l\u00e0 s\u1ef1 tinh tuy\u1ec3n kh\u1eaft khe. B\u00ed quy\u1ebft v\u00e0 t\u00e2m huy\u1ebft ch\u1eaft chiu h\u01a1n 20 n\u0103m kinh nghi\u1ec7m b\u1eadc th\u1ea7y t\u1ea1o n\u00ean v\u1ecb ngon \u0111\u1eb7c tr\u01b0ng kh\u00f3 c\u01b0\u1ee1ng, khi\u1ebfn m\u1ed7i chi\u1ebfc b\u00e1nh l\u00e0 m\u1ed9t c\u00f4ng tr\u00ecnh \u1ea9m th\u1ef1c k\u1ef3 c\u00f4ng v\u00e0 \u0111\u1eb3ng c\u1ea5p.<br \/>\n\t\t\n<style>\n#text-4163570135 {\n  text-align: center;\n}\n<\/style>\n\t<\/div>\n\t\n\t\t<\/div>\n\t<\/div>\n\t\n\t\n\t\t<\/div>\n\t\t\t\t\n<style>\n#col-995370023 > .col-inner {\n  padding: 0px 10px 0px 10px;\n}\n@media (min-width:550px) {\n  #col-995370023 > .col-inner {\n    padding: 0px 0px 0px 0px;\n  }\n}\n<\/style>\n\t<\/div>\n\n\t\n<\/div>\n\t<div id=\"gap-1509425620\" class=\"gap-element clearfix\" style=\"display:block; height:auto;\">\n\t\t\n<style>\n#gap-1509425620 {\n  padding-top: 50px;\n}\n<\/style>\n\t<\/div>\n\t\n<div class=\"row row-small sec_03\"  id=\"row-1067562677\">\n\n\t<div id=\"col-1192797354\" class=\"col col-01 medium-5 small-12 large-4\"  >\n\t\t\t\t<div class=\"col-inner\"  >\n\t\t\t\n\t\t\t\n\n\t\t<div class=\"icon-box featured-box icon-box-center text-center\"  >\n\t\t\t\t\t<div class=\"icon-box-img\" style=\"width: 126px\">\n\t\t\t\t<div class=\"icon\">\n\t\t\t\t\t<div class=\"icon-inner\" >\n\t\t\t\t\t\t<img loading=\"lazy\" decoding=\"async\" width=\"126\" height=\"214\" src=\"https:\/\/banhtrungthu1.themedep.top\/wp-content\/uploads\/2024\/07\/Group-631915.png\" class=\"attachment-medium size-medium\" alt=\"\" \/>\t\t\t\t\t<\/div>\n\t\t\t\t<\/div>\n\t\t\t<\/div>\n\t\t\t\t<div class=\"icon-box-text last-reset\">\n\t\t\t\t\t\t\t\t\t\n<p>Tinh hoa h\u1ed9i t\u1ee5 trong di\u1ec7n m\u1ea1o sang tr\u1ecdng c\u1ee7a nh\u1eefng h\u1ed9p b\u00e1nh trung thu Kinh \u0110\u00f4, v\u1eeba t\u00f4n vinh nh\u1eefng gi\u00e1 tr\u1ecb truy\u1ec1n th\u1ed1ng, v\u1eeba \u0111i\u1ec3m t\u00f4 nh\u1eefng s\u1eafc m\u00e0u t\u01b0\u01a1i m\u1edbi.<\/p>\n<p>S\u1ef1 s\u1eafc s\u1ea3o, tinh t\u1ebf c\u1ee7a nh\u1eefng h\u1ecda ti\u1ebft nh\u01b0 r\u1ed3ng \u1ed5 tr\u00ean g\u1ed1m lam tri\u1ec1u L\u00ea, chim kh\u00e1ch \u0111\u1eadu tr\u00ean c\u00e2y, hay hoa v\u0103n m\u1eabu \u0111\u01a1n, b\u1ea3o b\u1ed1i qu\u1ea1t l\u00f4ng h\u1ea1c tr\u00ean ph\u00e1p lam tri\u1ec1u Nguy\u1ec5n\u2026 t\u1ea1o n\u00ean m\u00f3n qu\u00e0 thu \u0111\u1eb3ng c\u1ea5p \u0111\u1ec3 g\u1eedi g\u1eafm l\u1eddi ch\u00fac v\u1eb9n tr\u00f2n \u0111\u1ebfn qu\u00fd nh\u00e2n.<\/p>\n\t\t<\/div>\n\t<\/div>\n\t\n\t\n\t\t<\/div>\n\t\t\t\t\t<\/div>\n\n\t\n\n\t<div id=\"col-1323915810\" class=\"col col-02 medium-7 small-12 large-8\"  >\n\t\t\t\t<div class=\"col-inner\"  >\n\t\t\t\n\t\t\t\n\t<div class=\"img has-hover x md-x lg-x y md-y lg-y\" id=\"image_1345034690\">\n\t\t\t\t\t\t\t\t<div class=\"img-inner dark\" >\n\t\t\t<img loading=\"lazy\" decoding=\"async\" width=\"729\" height=\"429\" src=\"https:\/\/banhtrungthu1.themedep.top\/wp-content\/uploads\/2024\/07\/Layer-1-3.png\" class=\"attachment-original size-original\" alt=\"\" srcset=\"https:\/\/banhtrungthu1.themedep.top\/wp-content\/uploads\/2024\/07\/Layer-1-3.png 729w, https:\/\/banhtrungthu1.themedep.top\/wp-content\/uploads\/2024\/07\/Layer-1-3-300x177.png 300w, https:\/\/banhtrungthu1.themedep.top\/wp-content\/uploads\/2024\/07\/Layer-1-3-600x353.png 600w\" sizes=\"auto, (max-width: 729px) 100vw, 729px\" \/>\t\t\t\t\t\t\n\t\t\t\t\t<\/div>\n\t\t\t\t\t\t\t\t\n<style>\n#image_1345034690 {\n  width: 100%;\n}\n<\/style>\n\t<\/div>\n\t\n\t\t<\/div>\n\t\t\t\t\t<\/div>\n\n\t\n<\/div>\n\t<div id=\"gap-618158355\" class=\"gap-element clearfix\" style=\"display:block; height:auto;\">\n\t\t\n<style>\n#gap-618158355 {\n  padding-top: 50px;\n}\n@media (min-width:850px) {\n  #gap-618158355 {\n    padding-top: 82px;\n  }\n}\n<\/style>\n\t<\/div>\n\t\n<div class=\"row row-collapse align-center sec_02\"  id=\"row-1576384779\">\n\n\t<div id=\"col-236225223\" class=\"col medium-10 small-12 large-6\"  >\n\t\t\t\t<div class=\"col-inner\"  >\n\t\t\t\n\t\t\t\n\n\t\t<div class=\"icon-box featured-box icon-box-right text-right\"  >\n\t\t\t\t\t<div class=\"icon-box-img\" style=\"width: 181px\">\n\t\t\t\t<div class=\"icon\">\n\t\t\t\t\t<div class=\"icon-inner\" >\n\t\t\t\t\t\t<img loading=\"lazy\" decoding=\"async\" width=\"181\" height=\"195\" src=\"https:\/\/banhtrungthu1.themedep.top\/wp-content\/uploads\/2024\/07\/Group-6319.png\" class=\"attachment-medium size-medium\" alt=\"\" \/>\t\t\t\t\t<\/div>\n\t\t\t\t<\/div>\n\t\t\t<\/div>\n\t\t\t\t<div class=\"icon-box-text last-reset\">\n\t\t\t\t\t\t\t\t\t\n\t<div id=\"text-1117884259\" class=\"text\">\n\t\t\n<p>Tinh hoa g\u00f3i g\u1ecdn trong chi\u1ebfc b\u00e1nh trung thu Kinh \u0110\u00f4 \u0111\u1eb3ng c\u1ea5p cho t\u00ecnh th\u00e2n th\u00eam tr\u1ecdn v\u1eb9n. \u0110\u00f3 l\u00e0 m\u00f3n qu\u00e0 qu\u00fd x\u1ee9ng t\u1ea7m v\u1edbi nh\u1eefng m\u1ed1i giao h\u1ea3o th\u00e2n t\u00ecnh v\u00e0 ch\u1ee9a \u0111\u1ef1ng tr\u1ecdn v\u1eb9n t\u00e2m \u00fd c\u1ee7a ng\u01b0\u1eddi trao g\u1eedi<br \/>\n\t\t\n<style>\n#text-1117884259 {\n  text-align: center;\n}\n<\/style>\n\t<\/div>\n\t\n\t\t<\/div>\n\t<\/div>\n\t\n\t\n\t\t<\/div>\n\t\t\t\t\n<style>\n#col-236225223 > .col-inner {\n  padding: 0px 10px 0px 10px;\n}\n@media (min-width:550px) {\n  #col-236225223 > .col-inner {\n    padding: 0px 0px 0px 0px;\n  }\n}\n<\/style>\n\t<\/div>\n\n\t\n<\/div>\n\t<div id=\"gap-1094079999\" class=\"gap-element clearfix\" style=\"display:block; height:auto;\">\n\t\t\n<style>\n#gap-1094079999 {\n  padding-top: 50px;\n}\n@media (min-width:850px) {\n  #gap-1094079999 {\n    padding-top: 100px;\n  }\n}\n<\/style>\n\t<\/div>\n\t\n<div class=\"row row-collapse sec_04\"  id=\"row-1335773823\">\n\n\t<div id=\"col-583690245\" class=\"col small-12 large-12\"  >\n\t\t\t\t<div class=\"col-inner\"  >\n\t\t\t\n\t\t\t\n<div class=\"block__element_head\">\n    <h3><span>C\u00c1C D\u00d2NG S\u1ea2N PH\u1ea8M<\/span><\/h3>\n    <\/div>\n\n\t\n  \n    <div class=\"row large-columns-3 medium-columns- small-columns-2 row-normal\" >\n  \n\t     <div class=\"product-small col has-hover product type-product post-205 status-publish first instock product_cat-dong-banh has-post-thumbnail virtual product-type-simple\">\n\t<div class=\"col-inner box__products\">\n\t\t<div class=\"content-product-imagin\"><\/div>\n\t\n<div class=\"badge-container absolute left top z-1\">\n\n<\/div>\n\t<div class=\"product-small box \">\n\t\t<div class=\"box-image\">\n\t\t\t<div class=\"image-fade_in_back\">\n\t\t\t\t<a href=\"https:\/\/banhtrungthu1.themedep.top\/?product=trang-vang\" aria-label=\"Tr\u0103ng V\u00e0ng\">\n\t\t\t\t\t<img loading=\"lazy\" decoding=\"async\" width=\"300\" height=\"265\" src=\"https:\/\/banhtrungthu1.themedep.top\/wp-content\/uploads\/2024\/01\/image-36-min-300x265.png\" class=\"attachment-woocommerce_thumbnail size-woocommerce_thumbnail\" alt=\"Tr\u0103ng V\u00e0ng\" \/>\t\t\t\t<\/a>\n\t\t\t<\/div>\n\t\t\t<div class=\"image-tools is-small top right show-on-hover\">\n\t\t\t\t\t\t\t<\/div>\n\t\t\t<div class=\"image-tools is-small hide-for-small bottom left show-on-hover\">\n\t\t\t\t\t\t\t<\/div>\n\t\t\t<div class=\"image-tools grid-tools text-center hide-for-small bottom hover-slide-in show-on-hover\">\n\t\t\t\t\t\t\t<\/div>\n\t\t\t\t\t\t<!-- <div class=\"position__meta\">\n\t\t\t\t<span class=\"sale__km\">Khuy\u1ebfn m\u00e3i<\/span>\n\t\t\t\t<span>S\u1ea3n ph\u1ea9m hot<\/span>\n\t\t\t<\/div> -->\n\t\t<\/div>\n\n\t\t<div class=\"box-text box-text-products text-center grid-style-2\">\n\t\t\t<div class=\"title-wrapper\">\t\t<p class=\"category uppercase is-smaller no-text-overflow product-cat op-7\">\n\t\t\tD\u00f2ng b\u00e1nh\t\t<\/p>\n\t<p class=\"name product-title woocommerce-loop-product__title\"><a href=\"https:\/\/banhtrungthu1.themedep.top\/?product=trang-vang\" class=\"woocommerce-LoopProduct-link woocommerce-loop-product__link\">Tr\u0103ng V\u00e0ng<\/a><\/p><\/div><p class=\"price_pro\"><span>Li\u00ean h\u1ec7 ngay<\/span><\/p>\t\t<\/div>\n\t<\/div>\n\t\t<\/div>\n<\/div><div class=\"product-small col has-hover product type-product post-204 status-publish instock product_cat-dong-banh has-post-thumbnail virtual product-type-simple\">\n\t<div class=\"col-inner box__products\">\n\t\t<div class=\"content-product-imagin\"><\/div>\n\t\n<div class=\"badge-container absolute left top z-1\">\n\n<\/div>\n\t<div class=\"product-small box \">\n\t\t<div class=\"box-image\">\n\t\t\t<div class=\"image-fade_in_back\">\n\t\t\t\t<a href=\"https:\/\/banhtrungthu1.themedep.top\/?product=hang-duong\" aria-label=\"H\u00e0ng \u0110\u01b0\u1eddng\">\n\t\t\t\t\t<img loading=\"lazy\" decoding=\"async\" width=\"300\" height=\"265\" src=\"https:\/\/banhtrungthu1.themedep.top\/wp-content\/uploads\/2024\/01\/image-37-min-300x265.png\" class=\"attachment-woocommerce_thumbnail size-woocommerce_thumbnail\" alt=\"H\u00e0ng \u0110\u01b0\u1eddng\" \/>\t\t\t\t<\/a>\n\t\t\t<\/div>\n\t\t\t<div class=\"image-tools is-small top right show-on-hover\">\n\t\t\t\t\t\t\t<\/div>\n\t\t\t<div class=\"image-tools is-small hide-for-small bottom left show-on-hover\">\n\t\t\t\t\t\t\t<\/div>\n\t\t\t<div class=\"image-tools grid-tools text-center hide-for-small bottom hover-slide-in show-on-hover\">\n\t\t\t\t\t\t\t<\/div>\n\t\t\t\t\t\t<!-- <div class=\"position__meta\">\n\t\t\t\t<span class=\"sale__km\">Khuy\u1ebfn m\u00e3i<\/span>\n\t\t\t\t<span>S\u1ea3n ph\u1ea9m hot<\/span>\n\t\t\t<\/div> -->\n\t\t<\/div>\n\n\t\t<div class=\"box-text box-text-products text-center grid-style-2\">\n\t\t\t<div class=\"title-wrapper\">\t\t<p class=\"category uppercase is-smaller no-text-overflow product-cat op-7\">\n\t\t\tD\u00f2ng b\u00e1nh\t\t<\/p>\n\t<p class=\"name product-title woocommerce-loop-product__title\"><a href=\"https:\/\/banhtrungthu1.themedep.top\/?product=hang-duong\" class=\"woocommerce-LoopProduct-link woocommerce-loop-product__link\">H\u00e0ng \u0110\u01b0\u1eddng<\/a><\/p><\/div><p class=\"price_pro\"><span>Li\u00ean h\u1ec7 ngay<\/span><\/p>\t\t<\/div>\n\t<\/div>\n\t\t<\/div>\n<\/div><div class=\"product-small col has-hover product type-product post-202 status-publish last instock product_cat-dong-banh has-post-thumbnail virtual product-type-simple\">\n\t<div class=\"col-inner box__products\">\n\t\t<div class=\"content-product-imagin\"><\/div>\n\t\n<div class=\"badge-container absolute left top z-1\">\n\n<\/div>\n\t<div class=\"product-small box \">\n\t\t<div class=\"box-image\">\n\t\t\t<div class=\"image-fade_in_back\">\n\t\t\t\t<a href=\"https:\/\/banhtrungthu1.themedep.top\/?product=hang-bong\" aria-label=\"H\u00e0ng B\u00f4ng\">\n\t\t\t\t\t<img loading=\"lazy\" decoding=\"async\" width=\"300\" height=\"265\" src=\"https:\/\/banhtrungthu1.themedep.top\/wp-content\/uploads\/2024\/01\/image-36-1-min-300x265.png\" class=\"attachment-woocommerce_thumbnail size-woocommerce_thumbnail\" alt=\"H\u00e0ng B\u00f4ng\" \/>\t\t\t\t<\/a>\n\t\t\t<\/div>\n\t\t\t<div class=\"image-tools is-small top right show-on-hover\">\n\t\t\t\t\t\t\t<\/div>\n\t\t\t<div class=\"image-tools is-small hide-for-small bottom left show-on-hover\">\n\t\t\t\t\t\t\t<\/div>\n\t\t\t<div class=\"image-tools grid-tools text-center hide-for-small bottom hover-slide-in show-on-hover\">\n\t\t\t\t\t\t\t<\/div>\n\t\t\t\t\t\t<!-- <div class=\"position__meta\">\n\t\t\t\t<span class=\"sale__km\">Khuy\u1ebfn m\u00e3i<\/span>\n\t\t\t\t<span>S\u1ea3n ph\u1ea9m hot<\/span>\n\t\t\t<\/div> -->\n\t\t<\/div>\n\n\t\t<div class=\"box-text box-text-products text-center grid-style-2\">\n\t\t\t<div class=\"title-wrapper\">\t\t<p class=\"category uppercase is-smaller no-text-overflow product-cat op-7\">\n\t\t\tD\u00f2ng b\u00e1nh\t\t<\/p>\n\t<p class=\"name product-title woocommerce-loop-product__title\"><a href=\"https:\/\/banhtrungthu1.themedep.top\/?product=hang-bong\" class=\"woocommerce-LoopProduct-link woocommerce-loop-product__link\">H\u00e0ng B\u00f4ng<\/a><\/p><\/div><p class=\"price_pro\"><span>Li\u00ean h\u1ec7 ngay<\/span><\/p>\t\t<\/div>\n\t<\/div>\n\t\t<\/div>\n<\/div><div class=\"product-small col has-hover product type-product post-203 status-publish first instock product_cat-dong-banh has-post-thumbnail virtual product-type-simple\">\n\t<div class=\"col-inner box__products\">\n\t\t<div class=\"content-product-imagin\"><\/div>\n\t\n<div class=\"badge-container absolute left top z-1\">\n\n<\/div>\n\t<div class=\"product-small box \">\n\t\t<div class=\"box-image\">\n\t\t\t<div class=\"image-fade_in_back\">\n\t\t\t\t<a href=\"https:\/\/banhtrungthu1.themedep.top\/?product=hang-bai\" aria-label=\"H\u00e0ng B\u00e0i\">\n\t\t\t\t\t<img loading=\"lazy\" decoding=\"async\" width=\"300\" height=\"265\" src=\"https:\/\/banhtrungthu1.themedep.top\/wp-content\/uploads\/2024\/01\/image-35-1-min-300x265.png\" class=\"attachment-woocommerce_thumbnail size-woocommerce_thumbnail\" alt=\"H\u00e0ng B\u00e0i\" \/>\t\t\t\t<\/a>\n\t\t\t<\/div>\n\t\t\t<div class=\"image-tools is-small top right show-on-hover\">\n\t\t\t\t\t\t\t<\/div>\n\t\t\t<div class=\"image-tools is-small hide-for-small bottom left show-on-hover\">\n\t\t\t\t\t\t\t<\/div>\n\t\t\t<div class=\"image-tools grid-tools text-center hide-for-small bottom hover-slide-in show-on-hover\">\n\t\t\t\t\t\t\t<\/div>\n\t\t\t\t\t\t<!-- <div class=\"position__meta\">\n\t\t\t\t<span class=\"sale__km\">Khuy\u1ebfn m\u00e3i<\/span>\n\t\t\t\t<span>S\u1ea3n ph\u1ea9m hot<\/span>\n\t\t\t<\/div> -->\n\t\t<\/div>\n\n\t\t<div class=\"box-text box-text-products text-center grid-style-2\">\n\t\t\t<div class=\"title-wrapper\">\t\t<p class=\"category uppercase is-smaller no-text-overflow product-cat op-7\">\n\t\t\tD\u00f2ng b\u00e1nh\t\t<\/p>\n\t<p class=\"name product-title woocommerce-loop-product__title\"><a href=\"https:\/\/banhtrungthu1.themedep.top\/?product=hang-bai\" class=\"woocommerce-LoopProduct-link woocommerce-loop-product__link\">H\u00e0ng B\u00e0i<\/a><\/p><\/div><p class=\"price_pro\"><span>Li\u00ean h\u1ec7 ngay<\/span><\/p>\t\t<\/div>\n\t<\/div>\n\t\t<\/div>\n<\/div><div class=\"product-small col has-hover product type-product post-201 status-publish instock product_cat-dong-banh has-post-thumbnail virtual product-type-simple\">\n\t<div class=\"col-inner box__products\">\n\t\t<div class=\"content-product-imagin\"><\/div>\n\t\n<div class=\"badge-container absolute left top z-1\">\n\n<\/div>\n\t<div class=\"product-small box \">\n\t\t<div class=\"box-image\">\n\t\t\t<div class=\"image-fade_in_back\">\n\t\t\t\t<a href=\"https:\/\/banhtrungthu1.themedep.top\/?product=dong-xuan\" aria-label=\"\u0110\u1ed3ng Xu\u00e2n\">\n\t\t\t\t\t<img loading=\"lazy\" decoding=\"async\" width=\"300\" height=\"265\" src=\"https:\/\/banhtrungthu1.themedep.top\/wp-content\/uploads\/2024\/01\/image-37-1-min-300x265.png\" class=\"attachment-woocommerce_thumbnail size-woocommerce_thumbnail\" alt=\"\u0110\u1ed3ng Xu\u00e2n\" \/>\t\t\t\t<\/a>\n\t\t\t<\/div>\n\t\t\t<div class=\"image-tools is-small top right show-on-hover\">\n\t\t\t\t\t\t\t<\/div>\n\t\t\t<div class=\"image-tools is-small hide-for-small bottom left show-on-hover\">\n\t\t\t\t\t\t\t<\/div>\n\t\t\t<div class=\"image-tools grid-tools text-center hide-for-small bottom hover-slide-in show-on-hover\">\n\t\t\t\t\t\t\t<\/div>\n\t\t\t\t\t\t<!-- <div class=\"position__meta\">\n\t\t\t\t<span class=\"sale__km\">Khuy\u1ebfn m\u00e3i<\/span>\n\t\t\t\t<span>S\u1ea3n ph\u1ea9m hot<\/span>\n\t\t\t<\/div> -->\n\t\t<\/div>\n\n\t\t<div class=\"box-text box-text-products text-center grid-style-2\">\n\t\t\t<div class=\"title-wrapper\">\t\t<p class=\"category uppercase is-smaller no-text-overflow product-cat op-7\">\n\t\t\tD\u00f2ng b\u00e1nh\t\t<\/p>\n\t<p class=\"name product-title woocommerce-loop-product__title\"><a href=\"https:\/\/banhtrungthu1.themedep.top\/?product=dong-xuan\" class=\"woocommerce-LoopProduct-link woocommerce-loop-product__link\">\u0110\u1ed3ng Xu\u00e2n<\/a><\/p><\/div><p class=\"price_pro\"><span>Li\u00ean h\u1ec7 ngay<\/span><\/p>\t\t<\/div>\n\t<\/div>\n\t\t<\/div>\n<\/div><div class=\"product-small col has-hover product type-product post-95 status-publish last instock product_cat-dong-banh has-post-thumbnail virtual product-type-simple\">\n\t<div class=\"col-inner box__products\">\n\t\t<div class=\"content-product-imagin\"><\/div>\n\t\n<div class=\"badge-container absolute left top z-1\">\n\n<\/div>\n\t<div class=\"product-small box \">\n\t\t<div class=\"box-image\">\n\t\t\t<div class=\"image-fade_in_back\">\n\t\t\t\t<a href=\"https:\/\/banhtrungthu1.themedep.top\/?product=phan-dinh-phung\" aria-label=\"Phan \u0110\u00ecnh Ph\u00f9ng\">\n\t\t\t\t\t<img loading=\"lazy\" decoding=\"async\" width=\"300\" height=\"265\" src=\"https:\/\/banhtrungthu1.themedep.top\/wp-content\/uploads\/2024\/01\/image-35-min-300x265.png\" class=\"attachment-woocommerce_thumbnail size-woocommerce_thumbnail\" alt=\"Phan \u0110\u00ecnh Ph\u00f9ng\" \/>\t\t\t\t<\/a>\n\t\t\t<\/div>\n\t\t\t<div class=\"image-tools is-small top right show-on-hover\">\n\t\t\t\t\t\t\t<\/div>\n\t\t\t<div class=\"image-tools is-small hide-for-small bottom left show-on-hover\">\n\t\t\t\t\t\t\t<\/div>\n\t\t\t<div class=\"image-tools grid-tools text-center hide-for-small bottom hover-slide-in show-on-hover\">\n\t\t\t\t\t\t\t<\/div>\n\t\t\t\t\t\t<!-- <div class=\"position__meta\">\n\t\t\t\t<span class=\"sale__km\">Khuy\u1ebfn m\u00e3i<\/span>\n\t\t\t\t<span>S\u1ea3n ph\u1ea9m hot<\/span>\n\t\t\t<\/div> -->\n\t\t<\/div>\n\n\t\t<div class=\"box-text box-text-products text-center grid-style-2\">\n\t\t\t<div class=\"title-wrapper\">\t\t<p class=\"category uppercase is-smaller no-text-overflow product-cat op-7\">\n\t\t\tD\u00f2ng b\u00e1nh\t\t<\/p>\n\t<p class=\"name product-title woocommerce-loop-product__title\"><a href=\"https:\/\/banhtrungthu1.themedep.top\/?product=phan-dinh-phung\" class=\"woocommerce-LoopProduct-link woocommerce-loop-product__link\">Phan \u0110\u00ecnh Ph\u00f9ng<\/a><\/p><\/div><p class=\"price_pro\"><span>Li\u00ean h\u1ec7 ngay<\/span><\/p>\t\t<\/div>\n\t<\/div>\n\t\t<\/div>\n<\/div><\/div>\n\t\t<\/div>\n\t\t\t\t\n<style>\n#col-583690245 > .col-inner {\n  padding: 0px 10px 0px 10px;\n}\n@media (min-width:550px) {\n  #col-583690245 > .col-inner {\n    padding: 0px 0px 0px 0px;\n  }\n}\n<\/style>\n\t<\/div>\n\n\t\n<\/div>\n\t<div id=\"gap-1644576821\" class=\"gap-element clearfix\" style=\"display:block; height:auto;\">\n\t\t\n<style>\n#gap-1644576821 {\n  padding-top: 960px;\n}\n@media (min-width:850px) {\n  #gap-1644576821 {\n    padding-top: 1160px;\n  }\n}\n<\/style>\n\t<\/div>\n\t\n\t\t<\/div>\n\n\t\t\n<style>\n#section_728974576 {\n  padding-top: 0px;\n  padding-bottom: 0px;\n}\n#section_728974576 .section-bg.bg-loaded {\n  background-image: url(https:\/\/banhtrungthu1.themedep.top\/wp-content\/uploads\/2024\/07\/trangchu.png);\n}\n<\/style>\n\t<\/section>\n\t\n","protected":false},"excerpt":{"rendered":"","protected":false},"author":1,"featured_media":0,"parent":0,"menu_order":0,"comment_status":"closed","ping_status":"open","template":"page-blank.php","meta":{"footnotes":""},"class_list":["post-2","page","type-page","status-publish","hentry"],"_links":{"self":[{"href":"https:\/\/banhtrungthu1.themedep.top\/index.php?rest_route=\/wp\/v2\/pages\/2","targetHints":{"allow":["GET"]}}],"collection":[{"href":"https:\/\/banhtrungthu1.themedep.top\/index.php?rest_route=\/wp\/v2\/pages"}],"about":[{"href":"https:\/\/banhtrungthu1.themedep.top\/index.php?rest_route=\/wp\/v2\/types\/page"}],"author":[{"embeddable":true,"href":"https:\/\/banhtrungthu1.themedep.top\/index.php?rest_route=\/wp\/v2\/users\/1"}],"replies":[{"embeddable":true,"href":"https:\/\/banhtrungthu1.themedep.top\/index.php?rest_route=%2Fwp%2Fv2%2Fcomments&post=2"}],"version-history":[{"count":55,"href":"https:\/\/banhtrungthu1.themedep.top\/index.php?rest_route=\/wp\/v2\/pages\/2\/revisions"}],"predecessor-version":[{"id":258,"href":"https:\/\/banhtrungthu1.themedep.top\/index.php?rest_route=\/wp\/v2\/pages\/2\/revisions\/258"}],"wp:attachment":[{"href":"https:\/\/banhtrungthu1.themedep.top\/index.php?rest_route=%2Fwp%2Fv2%2Fmedia&parent=2"}],"curies":[{"name":"wp","href":"https:\/\/api.w.org\/{rel}","templated":true}]}}